{"id":12,"date":"2025-10-25T18:27:44","date_gmt":"2025-10-25T21:27:44","guid":{"rendered":"https:\/\/fmvive.com.ar\/?page_id=12"},"modified":"2026-02-22T23:52:48","modified_gmt":"2026-02-23T02:52:48","slug":"radio","status":"publish","type":"page","link":"https:\/\/fmvive.com.ar\/index.php\/radio\/","title":{"rendered":"Radio en vivo!"},"content":{"rendered":"<div class=\"radio_player\" data-player-type=\"shortcode\" data-data=\"eyJpZCI6MSwidGl0bGUiOiJQbGF5ZXIgVGl0bGUiLCJzdGlja3kiOmZhbHNlLCJzdGF0dXMiOnRydWUsInNraW4iOiJza2luMSIsInN0YXRpb25zIjpbeyJ0aXRsZSI6IkZNIFZJVkUiLCJzdHJlYW0iOiJodHRwczpcL1wvc2VydmVyLnN0cmVhbWNhc3RoZC5jb21cLzg2NzRcL3N0cmVhbSIsInRodW1ibmFpbCI6Imh0dHBzOlwvXC9mbXZpdmUuY29tLmFyXC93cC1jb250ZW50XC9wbHVnaW5zXC9yYWRpby1wbGF5ZXJcL2Fzc2V0c1wvaW1hZ2VzXC9wbGFjZWhvbGRlci5wbmcifV0sImF1dG9wbGF5IjpmYWxzZSwicG9wdXBfaWNvbiI6ZmFsc2UsInBsYXlsaXN0X2ljb24iOmZhbHNlLCJoaXN0b3J5X2ljb24iOmZhbHNlLCJ2b2x1bWVfY29udHJvbCI6dHJ1ZSwicGxheWVyX3N0YXR1cyI6dHJ1ZSwic2hvd19hcnRpc3QiOmZhbHNlLCJzaG93X2FydHdvcmsiOmZhbHNlLCJwbGF5ZXJfdGV4dCI6Ikxpc3RlbiBMaXZlIiwid2lkdGgiOjM1MCwid2lkdGhfbW9iaWxlIjozMjAsImJvcmRlcl9yYWRpdXMiOjEwLCJiZ19jb2xvciI6ImxpbmVhci1ncmFkaWVudCgtMjI1ZGVnLCAjRTNGREY1IDAlLCAjRkZFNkZBIDEwMCUpIiwiYmdfaW1hZ2UiOiJodHRwczpcL1wvZm12aXZlLmNvbS5hclwvd3AtY29udGVudFwvcGx1Z2luc1wvcmFkaW8tcGxheWVyXC9hc3NldHNcL2ltYWdlc1wvcGxheWVyLWJnLnBuZyIsImJnX3R5cGUiOiJjb2xvciIsImNvbG9yX3R5cGUiOiJzb2xpZCIsInRleHRfY29sb3IiOiIifQ==\"><\/div>\n\n\n\n<p class=\"has-text-align-center has-vivid-cyan-blue-color has-text-color has-link-color wp-elements-5967560ff5e8b88da9938c521fcf86dd\">Esc\u00fachanos las 24 hs&#8230; somos tu mejor compa\u00f1\u00eda!<\/p>\n\n\n\n<p class=\"has-text-align-center has-vivid-cyan-blue-color has-text-color has-link-color wp-elements-1fcfe78e6ee41e5bdab223784c686c3f\">fmvive@gmail.com<\/p>\n\n\n\n<p><\/p>\n","protected":false},"excerpt":{"rendered":"<p>Esc\u00fachanos las 24 hs&#8230; somos tu mejor compa\u00f1\u00eda! fmvive@gmail.com<\/p>\n","protected":false},"author":2,"featured_media":0,"parent":0,"menu_order":0,"comment_status":"closed","ping_status":"closed","template":"template\/fullwidth.php","meta":{"footnotes":""},"class_list":["post-12","page","type-page","status-publish","hentry"],"_links":{"self":[{"href":"https:\/\/fmvive.com.ar\/index.php\/wp-json\/wp\/v2\/pages\/12","targetHints":{"allow":["GET"]}}],"collection":[{"href":"https:\/\/fmvive.com.ar\/index.php\/wp-json\/wp\/v2\/pages"}],"about":[{"href":"https:\/\/fmvive.com.ar\/index.php\/wp-json\/wp\/v2\/types\/page"}],"author":[{"embeddable":true,"href":"https:\/\/fmvive.com.ar\/index.php\/wp-json\/wp\/v2\/users\/2"}],"replies":[{"embeddable":true,"href":"https:\/\/fmvive.com.ar\/index.php\/wp-json\/wp\/v2\/comments?post=12"}],"version-history":[{"count":11,"href":"https:\/\/fmvive.com.ar\/index.php\/wp-json\/wp\/v2\/pages\/12\/revisions"}],"predecessor-version":[{"id":130,"href":"https:\/\/fmvive.com.ar\/index.php\/wp-json\/wp\/v2\/pages\/12\/revisions\/130"}],"wp:attachment":[{"href":"https:\/\/fmvive.com.ar\/index.php\/wp-json\/wp\/v2\/media?parent=12"}],"curies":[{"name":"wp","href":"https:\/\/api.w.org\/{rel}","templated":true}]}}